{"id":8546,"date":"2022-03-31T08:52:05","date_gmt":"2022-03-31T06:52:05","guid":{"rendered":"https:\/\/aeservice.fr\/politica-de-reembolsos-y-devoluciones\/"},"modified":"2025-10-15T16:08:31","modified_gmt":"2025-10-15T14:08:31","slug":"politica-de-reembolsos-y-devoluciones","status":"publish","type":"page","link":"https:\/\/aeservice.fr\/es\/politica-de-reembolsos-y-devoluciones\/","title":{"rendered":"Pol\u00edtica de Reembolsos y Devoluciones"},"content":{"rendered":"<div class=\"fusion-fullwidth fullwidth-box fusion-builder-row-1 fusion-flex-container nonhundred-percent-fullwidth non-hundred-percent-height-scrolling\" style=\"--awb-border-radius-top-left:0px;--awb-border-radius-top-right:0px;--awb-border-radius-bottom-right:0px;--awb-border-radius-bottom-left:0px;--awb-flex-wrap:wrap;\" ><div class=\"fusion-builder-row fusion-row fusion-flex-align-items-flex-start fusion-flex-content-wrap\" style=\"max-width:1248px;margin-left: calc(-4% \/ 2 );margin-right: calc(-4% \/ 2 );\"><div class=\"fusion-layout-column fusion_builder_column fusion-builder-column-0 fusion_builder_column_1_1 1_1 fusion-flex-column\" style=\"--awb-bg-size:cover;--awb-width-large:100%;--awb-margin-top-large:0px;--awb-spacing-right-large:1.92%;--awb-margin-bottom-large:0px;--awb-spacing-left-large:1.92%;--awb-width-medium:100%;--awb-spacing-right-medium:1.92%;--awb-spacing-left-medium:1.92%;--awb-width-small:100%;--awb-spacing-right-small:1.92%;--awb-spacing-left-small:1.92%;\"><div class=\"fusion-column-wrapper fusion-flex-justify-content-flex-start fusion-content-layout-column\"><div class=\"fusion-text fusion-text-1\"><p>&#13;<\/p>\n<p><b>Esta es una p\u00e1gina de muestra.<\/b><\/p>\n<p>&#13;\n&#13;<\/p>\n<h3>Overview<\/h3>\n<p>&#13;\n&#13;<\/p>\n<p>Nuestra pol\u00edtica de reembolsos y devoluciones tiene una duraci\u00f3n de 30 d\u00edas. Si han pasado 30 d\u00edas desde su compra, no podemos ofrecerle un reembolso completo o cambio. <\/p>\n<p>&#13;\n&#13;<\/p>\n<p>Para ser elegible para una devoluci\u00f3n, su art\u00edculo debe estar sin usar y en las mismas condiciones en que lo recibi\u00f3. Tambi\u00e9n debe estar en el embalaje original. <\/p>\n<p>&#13;\n&#13;<\/p>\n<p>Varios tipos de productos est\u00e1n exentos de ser devueltos. Los productos perecederos como alimentos, flores, peri\u00f3dicos o revistas no pueden ser devueltos. Tampoco aceptamos productos que sean art\u00edculos \u00edntimos o sanitarios, materiales peligrosos, o l\u00edquidos o gases inflamables.  <\/p>\n<p>&#13;\n&#13;<\/p>\n<p>Art\u00edculos adicionales no retornables:<\/p>\n<p>&#13;\n&#13;<\/p>\n<ul class=\"wp-block-list\">&#13;<\/p>\n<li>Tarjetas regalo<\/li>\n<p>&#13;<\/p>\n<li>Productos de software descargables<\/li>\n<p>&#13;<\/p>\n<li>Algunos art\u00edculos de salud y cuidado personal<\/li>\n<p>&#13;\n<\/ul>\n<p>&#13;\n&#13;<\/p>\n<p>Para completar su devoluci\u00f3n, requerimos un recibo o comprobante de compra.<\/p>\n<p>&#13;\n&#13;<\/p>\n<p>Por favor, no env\u00ede su compra de vuelta al fabricante.<\/p>\n<p>&#13;\n&#13;<\/p>\n<p>Hay ciertas situaciones donde solo se otorgan reembolsos parciales:<\/p>\n<p>&#13;\n&#13;<\/p>\n<ul class=\"wp-block-list\">&#13;<\/p>\n<li>Libro con signos evidentes de uso<\/li>\n<p>&#13;<\/p>\n<li>CD, DVD, cinta VHS, software, videojuego, casete o disco de vinilo que haya sido abierto.<\/li>\n<p>&#13;<\/p>\n<li>Cualquier art\u00edculo que no est\u00e9 en su condici\u00f3n original, est\u00e9 da\u00f1ado o le falten piezas por razones no debidas a nuestro error.<\/li>\n<p>&#13;<\/p>\n<li>Cualquier art\u00edculo que sea devuelto m\u00e1s de 30 d\u00edas despu\u00e9s de la entrega<\/li>\n<p>&#13;\n<\/ul>\n<p>&#13;\n&#13;<\/p>\n<h2>Reembolsos<\/h2>\n<p>&#13;\n&#13;<\/p>\n<p>Una vez que su devoluci\u00f3n sea recibida e inspeccionada, le enviaremos un correo electr\u00f3nico para notificarle que hemos recibido su art\u00edculo devuelto. Tambi\u00e9n le notificaremos la aprobaci\u00f3n o rechazo de su reembolso. <\/p>\n<p>&#13;\n&#13;<\/p>\n<p>Si es aprobado, entonces su reembolso ser\u00e1 procesado, y se aplicar\u00e1 autom\u00e1ticamente un cr\u00e9dito a su tarjeta de cr\u00e9dito o m\u00e9todo de pago original, dentro de un cierto n\u00famero de d\u00edas.<\/p>\n<p>&#13;\n&#13;\n<b>Late or missing refunds<\/b>&#13;\n&#13;<\/p>\n<p>Si a\u00fan no ha recibido un reembolso, primero verifique su cuenta bancaria nuevamente.<\/p>\n<p>&#13;\n&#13;<\/p>\n<p>Luego contacte a su compa\u00f1\u00eda de tarjeta de cr\u00e9dito, puede tomar alg\u00fan tiempo antes de que su reembolso sea oficialmente registrado.<\/p>\n<p>&#13;\n&#13;<\/p>\n<p>A continuaci\u00f3n contacte a su banco. A menudo hay alg\u00fan tiempo de procesamiento antes de que se registre un reembolso. <\/p>\n<p>&#13;\n&#13;<\/p>\n<p>Si ha hecho todo esto y a\u00fan no ha recibido su reembolso, por favor cont\u00e1ctenos en {email address}.<\/p>\n<p>&#13;\n&#13;\n<b>Sale items<\/b>&#13;\n&#13;<\/p>\n<p>Solo los art\u00edculos a precio regular pueden ser reembolsados. Los art\u00edculos en oferta no pueden ser reembolsados. <\/p>\n<p>&#13;\n&#13;<\/p>\n<h2>Cambios<\/h2>\n<p>&#13;\n&#13;<\/p>\n<p>Solo reemplazamos art\u00edculos si est\u00e1n defectuosos o da\u00f1ados. Si necesita cambiarlo por el mismo art\u00edculo, env\u00edenos un correo electr\u00f3nico a {email address} y env\u00ede su art\u00edculo a: {physical address}. <\/p>\n<p>&#13;\n&#13;<\/p>\n<h2>Regalos<\/h2>\n<p>&#13;\n&#13;<\/p>\n<p>Si el art\u00edculo fue marcado como regalo al comprarlo y enviado directamente a usted, recibir\u00e1 un cr\u00e9dito de regalo por el valor de su devoluci\u00f3n. Una vez que se reciba el art\u00edculo devuelto, se le enviar\u00e1 por correo un certificado de regalo. <\/p>\n<p>&#13;\n&#13;<\/p>\n<p>Si el art\u00edculo no fue marcado como regalo al comprarlo, o el obsequiante hizo que el pedido se enviara a s\u00ed mismo para d\u00e1rselo a usted m\u00e1s tarde, enviaremos un reembolso al obsequiante y se enterar\u00e1 de su devoluci\u00f3n.<\/p>\n<p>&#13;\n&#13;<\/p>\n<h2>Env\u00edo de devoluciones<\/h2>\n<p>&#13;\n&#13;<\/p>\n<p>Para devolver su producto, debe enviar su producto por correo a: {physical address}.<\/p>\n<p>&#13;\n&#13;<\/p>\n<p>Usted ser\u00e1 responsable de pagar sus propios costos de env\u00edo para devolver su art\u00edculo. Los costos de env\u00edo no son reembolsables. Si recibe un reembolso, el costo del env\u00edo de devoluci\u00f3n ser\u00e1 deducido de su reembolso.  <\/p>\n<p>&#13;\n&#13;<\/p>\n<p>Dependiendo de d\u00f3nde viva, el tiempo que puede tomar para que su producto cambiado le llegue puede variar.<\/p>\n<p>&#13;\n&#13;<\/p>\n<p>Si est\u00e1 devolviendo art\u00edculos m\u00e1s caros, puede considerar usar un servicio de env\u00edo con seguimiento o comprar seguro de env\u00edo. No garantizamos que recibiremos su art\u00edculo devuelto. <\/p>\n<p>&#13;\n&#13;<\/p>\n<h2>\u00bfNecesita ayuda?<\/h2>\n<p>&#13;\n&#13;<\/p>\n<p>Cont\u00e1ctenos en {email} para preguntas relacionadas con reembolsos y devoluciones.<\/p>\n<p>&#13;<\/p>\n<\/div><\/div><\/div><\/div><\/div>\n","protected":false},"excerpt":{"rendered":"","protected":false},"author":1,"featured_media":0,"parent":0,"menu_order":0,"comment_status":"closed","ping_status":"closed","template":"","meta":{"_acf_changed":false,"_monsterinsights_skip_tracking":false,"_monsterinsights_sitenote_active":false,"_monsterinsights_sitenote_note":"","_monsterinsights_sitenote_category":0,"footnotes":""},"class_list":["post-8546","page","type-page","status-publish","hentry"],"acf":[],"yoast_head":"<!-- This site is optimized with the Yoast SEO plugin v27.3 - https:\/\/yoast.com\/product\/yoast-seo-wordpress\/ -->\n<title>Pol\u00edtica de Reembolsos y Devoluciones - AE Service Group<\/title>\n<meta name=\"robots\" content=\"index, follow, max-snippet:-1, max-image-preview:large, max-video-preview:-1\" \/>\n<link rel=\"canonical\" href=\"https:\/\/aeservice.fr\/es\/politica-de-reembolsos-y-devoluciones\/\" \/>\n<meta property=\"og:locale\" content=\"es_ES\" \/>\n<meta property=\"og:type\" content=\"article\" \/>\n<meta property=\"og:title\" content=\"Pol\u00edtica de Reembolsos y Devoluciones - AE Service Group\" \/>\n<meta property=\"og:url\" content=\"https:\/\/aeservice.fr\/es\/politica-de-reembolsos-y-devoluciones\/\" \/>\n<meta property=\"og:site_name\" content=\"AE Service Group\" \/>\n<meta property=\"article:modified_time\" content=\"2025-10-15T14:08:31+00:00\" \/>\n<meta name=\"twitter:card\" content=\"summary_large_image\" \/>\n<meta name=\"twitter:label1\" content=\"Tiempo de lectura\" \/>\n\t<meta name=\"twitter:data1\" content=\"4 minutos\" \/>\n<script type=\"application\/ld+json\" class=\"yoast-schema-graph\">{\"@context\":\"https:\\\/\\\/schema.org\",\"@graph\":[{\"@type\":\"WebPage\",\"@id\":\"https:\\\/\\\/aeservice.fr\\\/es\\\/politica-de-reembolsos-y-devoluciones\\\/\",\"url\":\"https:\\\/\\\/aeservice.fr\\\/es\\\/politica-de-reembolsos-y-devoluciones\\\/\",\"name\":\"Pol\u00edtica de Reembolsos y Devoluciones - AE Service Group\",\"isPartOf\":{\"@id\":\"https:\\\/\\\/aeservice.fr\\\/es\\\/#website\"},\"datePublished\":\"2022-03-31T06:52:05+00:00\",\"dateModified\":\"2025-10-15T14:08:31+00:00\",\"breadcrumb\":{\"@id\":\"https:\\\/\\\/aeservice.fr\\\/es\\\/politica-de-reembolsos-y-devoluciones\\\/#breadcrumb\"},\"inLanguage\":\"es\",\"potentialAction\":[{\"@type\":\"ReadAction\",\"target\":[\"https:\\\/\\\/aeservice.fr\\\/es\\\/politica-de-reembolsos-y-devoluciones\\\/\"]}]},{\"@type\":\"BreadcrumbList\",\"@id\":\"https:\\\/\\\/aeservice.fr\\\/es\\\/politica-de-reembolsos-y-devoluciones\\\/#breadcrumb\",\"itemListElement\":[{\"@type\":\"ListItem\",\"position\":1,\"name\":\"Accueil\",\"item\":\"https:\\\/\\\/aeservice.fr\\\/es\\\/ae-service\\\/\"},{\"@type\":\"ListItem\",\"position\":2,\"name\":\"Pol\u00edtica de Reembolsos y Devoluciones\"}]},{\"@type\":\"WebSite\",\"@id\":\"https:\\\/\\\/aeservice.fr\\\/es\\\/#website\",\"url\":\"https:\\\/\\\/aeservice.fr\\\/es\\\/\",\"name\":\"AE SERVICE GROUP\",\"description\":\"Penser global, agir sur-mesure\",\"publisher\":{\"@id\":\"https:\\\/\\\/aeservice.fr\\\/es\\\/#organization\"},\"potentialAction\":[{\"@type\":\"SearchAction\",\"target\":{\"@type\":\"EntryPoint\",\"urlTemplate\":\"https:\\\/\\\/aeservice.fr\\\/es\\\/?s={search_term_string}\"},\"query-input\":{\"@type\":\"PropertyValueSpecification\",\"valueRequired\":true,\"valueName\":\"search_term_string\"}}],\"inLanguage\":\"es\"},{\"@type\":\"Organization\",\"@id\":\"https:\\\/\\\/aeservice.fr\\\/es\\\/#organization\",\"name\":\"AE SERVICE GROUP\",\"url\":\"https:\\\/\\\/aeservice.fr\\\/es\\\/\",\"logo\":{\"@type\":\"ImageObject\",\"inLanguage\":\"es\",\"@id\":\"https:\\\/\\\/aeservice.fr\\\/es\\\/#\\\/schema\\\/logo\\\/image\\\/\",\"url\":\"https:\\\/\\\/aeservice.fr\\\/wp-content\\\/uploads\\\/2025\\\/08\\\/AE-Logotype-Principal-Couleur.svg\",\"contentUrl\":\"https:\\\/\\\/aeservice.fr\\\/wp-content\\\/uploads\\\/2025\\\/08\\\/AE-Logotype-Principal-Couleur.svg\",\"width\":797,\"height\":309,\"caption\":\"AE SERVICE GROUP\"},\"image\":{\"@id\":\"https:\\\/\\\/aeservice.fr\\\/es\\\/#\\\/schema\\\/logo\\\/image\\\/\"},\"sameAs\":[\"https:\\\/\\\/fr.linkedin.com\\\/company\\\/a-e-service\"]}]}<\/script>\n<!-- \/ Yoast SEO plugin. -->","yoast_head_json":{"title":"Pol\u00edtica de Reembolsos y Devoluciones - AE Service Group","robots":{"index":"index","follow":"follow","max-snippet":"max-snippet:-1","max-image-preview":"max-image-preview:large","max-video-preview":"max-video-preview:-1"},"canonical":"https:\/\/aeservice.fr\/es\/politica-de-reembolsos-y-devoluciones\/","og_locale":"es_ES","og_type":"article","og_title":"Pol\u00edtica de Reembolsos y Devoluciones - AE Service Group","og_url":"https:\/\/aeservice.fr\/es\/politica-de-reembolsos-y-devoluciones\/","og_site_name":"AE Service Group","article_modified_time":"2025-10-15T14:08:31+00:00","twitter_card":"summary_large_image","twitter_misc":{"Tiempo de lectura":"4 minutos"},"schema":{"@context":"https:\/\/schema.org","@graph":[{"@type":"WebPage","@id":"https:\/\/aeservice.fr\/es\/politica-de-reembolsos-y-devoluciones\/","url":"https:\/\/aeservice.fr\/es\/politica-de-reembolsos-y-devoluciones\/","name":"Pol\u00edtica de Reembolsos y Devoluciones - AE Service Group","isPartOf":{"@id":"https:\/\/aeservice.fr\/es\/#website"},"datePublished":"2022-03-31T06:52:05+00:00","dateModified":"2025-10-15T14:08:31+00:00","breadcrumb":{"@id":"https:\/\/aeservice.fr\/es\/politica-de-reembolsos-y-devoluciones\/#breadcrumb"},"inLanguage":"es","potentialAction":[{"@type":"ReadAction","target":["https:\/\/aeservice.fr\/es\/politica-de-reembolsos-y-devoluciones\/"]}]},{"@type":"BreadcrumbList","@id":"https:\/\/aeservice.fr\/es\/politica-de-reembolsos-y-devoluciones\/#breadcrumb","itemListElement":[{"@type":"ListItem","position":1,"name":"Accueil","item":"https:\/\/aeservice.fr\/es\/ae-service\/"},{"@type":"ListItem","position":2,"name":"Pol\u00edtica de Reembolsos y Devoluciones"}]},{"@type":"WebSite","@id":"https:\/\/aeservice.fr\/es\/#website","url":"https:\/\/aeservice.fr\/es\/","name":"AE SERVICE GROUP","description":"Penser global, agir sur-mesure","publisher":{"@id":"https:\/\/aeservice.fr\/es\/#organization"},"potentialAction":[{"@type":"SearchAction","target":{"@type":"EntryPoint","urlTemplate":"https:\/\/aeservice.fr\/es\/?s={search_term_string}"},"query-input":{"@type":"PropertyValueSpecification","valueRequired":true,"valueName":"search_term_string"}}],"inLanguage":"es"},{"@type":"Organization","@id":"https:\/\/aeservice.fr\/es\/#organization","name":"AE SERVICE GROUP","url":"https:\/\/aeservice.fr\/es\/","logo":{"@type":"ImageObject","inLanguage":"es","@id":"https:\/\/aeservice.fr\/es\/#\/schema\/logo\/image\/","url":"https:\/\/aeservice.fr\/wp-content\/uploads\/2025\/08\/AE-Logotype-Principal-Couleur.svg","contentUrl":"https:\/\/aeservice.fr\/wp-content\/uploads\/2025\/08\/AE-Logotype-Principal-Couleur.svg","width":797,"height":309,"caption":"AE SERVICE GROUP"},"image":{"@id":"https:\/\/aeservice.fr\/es\/#\/schema\/logo\/image\/"},"sameAs":["https:\/\/fr.linkedin.com\/company\/a-e-service"]}]}},"_links":{"self":[{"href":"https:\/\/aeservice.fr\/es\/wp-json\/wp\/v2\/pages\/8546","targetHints":{"allow":["GET"]}}],"collection":[{"href":"https:\/\/aeservice.fr\/es\/wp-json\/wp\/v2\/pages"}],"about":[{"href":"https:\/\/aeservice.fr\/es\/wp-json\/wp\/v2\/types\/page"}],"author":[{"embeddable":true,"href":"https:\/\/aeservice.fr\/es\/wp-json\/wp\/v2\/users\/1"}],"replies":[{"embeddable":true,"href":"https:\/\/aeservice.fr\/es\/wp-json\/wp\/v2\/comments?post=8546"}],"version-history":[{"count":2,"href":"https:\/\/aeservice.fr\/es\/wp-json\/wp\/v2\/pages\/8546\/revisions"}],"predecessor-version":[{"id":8548,"href":"https:\/\/aeservice.fr\/es\/wp-json\/wp\/v2\/pages\/8546\/revisions\/8548"}],"wp:attachment":[{"href":"https:\/\/aeservice.fr\/es\/wp-json\/wp\/v2\/media?parent=8546"}],"curies":[{"name":"wp","href":"https:\/\/api.w.org\/{rel}","templated":true}]}}