{"id":10557,"date":"2026-04-03T08:44:16","date_gmt":"2026-04-03T06:44:16","guid":{"rendered":"https:\/\/aeservice.fr\/aviso-legal\/"},"modified":"2026-04-03T08:44:16","modified_gmt":"2026-04-03T06:44:16","slug":"aviso-legal","status":"publish","type":"page","link":"https:\/\/aeservice.fr\/es\/aviso-legal\/","title":{"rendered":"Aviso legal"},"content":{"rendered":"<p data-path-to-node=\"2\"><b data-path-to-node=\"2\" data-index-in-node=\"0\">1. Editor del sitio web <\/b>El sitio web<b data-path-to-node=\"2\" data-index-in-node=\"36\"> aeservice.fr <\/b>es editado por la empresa: ACHAT ELECTRONIQUE SERVICE (AE Service) Forma jur\u00eddica: SAS Capital social: 250 000 \u20ac Domicilio social: 1 rue des Cytises, ZAC de Montrambert Pigeot, 42150 La Ricamarie &#8211; Francia SIRET: 388 785 305 00045 RCS: Inscrita en el Registro Mercantil y de Sociedades de Saint-\u00c9tienne N\u00famero de IVA intracomunitario: FR88 388 785 305<\/p>\n<p data-path-to-node=\"3\"><b data-path-to-node=\"3\" data-index-in-node=\"0\">2. Director de la publicaci\u00f3n:<\/b> El director de la publicaci\u00f3n es el Sr. Alexandre d\u2019Aligny.<\/p>\n<p data-path-to-node=\"4\"><b data-path-to-node=\"4\" data-index-in-node=\"0\">3. Contacto<\/b>: Correo electr\u00f3nico: adaligny@aeservice.fr Tel\u00e9fono: +33 6 36 69 28 35<\/p>\n<p data-path-to-node=\"5\"><b data-path-to-node=\"5\" data-index-in-node=\"0\">4. Alojamiento del sitio web<\/b> El sitio web aeservice.fr est\u00e1 alojado por:<b data-path-to-node=\"5\" data-index-in-node=\"62\"> IONOS SARL<\/b>, 7 place de la Gare, BP 70109, 57200 Sarreguemines Cedex &#8211; Francia. Tel\u00e9fono: +33 9 70 80 89 11. Sitio web: www.ionos.fr<\/p>\n<p data-path-to-node=\"6\"><b data-path-to-node=\"6\" data-index-in-node=\"0\">5. Propiedad intelectual <\/b>Todo el contenido presente en el sitio web aeservice.fr (textos, im\u00e1genes, gr\u00e1ficos, logotipos, iconos) es propiedad exclusiva de la empresa ACHAT ELECTRONIQUE SERVICE, a excepci\u00f3n de las marcas, logotipos o contenidos que pertenezcan a otras empresas colaboradoras o autores. Queda estrictamente prohibida cualquier reproducci\u00f3n, distribuci\u00f3n, modificaci\u00f3n, adaptaci\u00f3n, retransmisi\u00f3n o publicaci\u00f3n de estos elementos sin el consentimiento expreso por escrito de la empresa. <\/p>\n","protected":false},"excerpt":{"rendered":"<p>1. Editor del sitio web El sitio web aeservice.fr es editado por la empresa: ACHAT ELECTRONIQUE SERVICE (AE<\/p>\n","protected":false},"author":1,"featured_media":0,"parent":0,"menu_order":0,"comment_status":"closed","ping_status":"closed","template":"","meta":{"_acf_changed":false,"_monsterinsights_skip_tracking":false,"_monsterinsights_sitenote_active":false,"_monsterinsights_sitenote_note":"","_monsterinsights_sitenote_category":0,"footnotes":""},"class_list":["post-10557","page","type-page","status-publish","hentry"],"acf":[],"yoast_head":"<!-- This site is optimized with the Yoast SEO plugin v27.3 - https:\/\/yoast.com\/product\/yoast-seo-wordpress\/ -->\n<title>Aviso legal - AE Service Group<\/title>\n<meta name=\"robots\" content=\"index, follow, max-snippet:-1, max-image-preview:large, max-video-preview:-1\" \/>\n<link rel=\"canonical\" href=\"https:\/\/aeservice.fr\/es\/aviso-legal\/\" \/>\n<meta property=\"og:locale\" content=\"es_ES\" \/>\n<meta property=\"og:type\" content=\"article\" \/>\n<meta property=\"og:title\" content=\"Aviso legal - AE Service Group\" \/>\n<meta property=\"og:description\" content=\"1. Editor del sitio web El sitio web aeservice.fr es editado por la empresa: ACHAT ELECTRONIQUE SERVICE (AE\" \/>\n<meta property=\"og:url\" content=\"https:\/\/aeservice.fr\/es\/aviso-legal\/\" \/>\n<meta property=\"og:site_name\" content=\"AE Service Group\" \/>\n<meta name=\"twitter:card\" content=\"summary_large_image\" \/>\n<meta name=\"twitter:label1\" content=\"Tiempo de lectura\" \/>\n\t<meta name=\"twitter:data1\" content=\"1 minuto\" \/>\n<script type=\"application\/ld+json\" class=\"yoast-schema-graph\">{\"@context\":\"https:\\\/\\\/schema.org\",\"@graph\":[{\"@type\":\"WebPage\",\"@id\":\"https:\\\/\\\/aeservice.fr\\\/es\\\/aviso-legal\\\/\",\"url\":\"https:\\\/\\\/aeservice.fr\\\/es\\\/aviso-legal\\\/\",\"name\":\"Aviso legal - AE Service Group\",\"isPartOf\":{\"@id\":\"https:\\\/\\\/aeservice.fr\\\/es\\\/#website\"},\"datePublished\":\"2026-04-03T06:44:16+00:00\",\"breadcrumb\":{\"@id\":\"https:\\\/\\\/aeservice.fr\\\/es\\\/aviso-legal\\\/#breadcrumb\"},\"inLanguage\":\"es\",\"potentialAction\":[{\"@type\":\"ReadAction\",\"target\":[\"https:\\\/\\\/aeservice.fr\\\/es\\\/aviso-legal\\\/\"]}]},{\"@type\":\"BreadcrumbList\",\"@id\":\"https:\\\/\\\/aeservice.fr\\\/es\\\/aviso-legal\\\/#breadcrumb\",\"itemListElement\":[{\"@type\":\"ListItem\",\"position\":1,\"name\":\"Accueil\",\"item\":\"https:\\\/\\\/aeservice.fr\\\/es\\\/ae-service\\\/\"},{\"@type\":\"ListItem\",\"position\":2,\"name\":\"Aviso legal\"}]},{\"@type\":\"WebSite\",\"@id\":\"https:\\\/\\\/aeservice.fr\\\/es\\\/#website\",\"url\":\"https:\\\/\\\/aeservice.fr\\\/es\\\/\",\"name\":\"AE SERVICE GROUP\",\"description\":\"Penser global, agir sur-mesure\",\"publisher\":{\"@id\":\"https:\\\/\\\/aeservice.fr\\\/es\\\/#organization\"},\"potentialAction\":[{\"@type\":\"SearchAction\",\"target\":{\"@type\":\"EntryPoint\",\"urlTemplate\":\"https:\\\/\\\/aeservice.fr\\\/es\\\/?s={search_term_string}\"},\"query-input\":{\"@type\":\"PropertyValueSpecification\",\"valueRequired\":true,\"valueName\":\"search_term_string\"}}],\"inLanguage\":\"es\"},{\"@type\":\"Organization\",\"@id\":\"https:\\\/\\\/aeservice.fr\\\/es\\\/#organization\",\"name\":\"AE SERVICE GROUP\",\"url\":\"https:\\\/\\\/aeservice.fr\\\/es\\\/\",\"logo\":{\"@type\":\"ImageObject\",\"inLanguage\":\"es\",\"@id\":\"https:\\\/\\\/aeservice.fr\\\/es\\\/#\\\/schema\\\/logo\\\/image\\\/\",\"url\":\"https:\\\/\\\/aeservice.fr\\\/wp-content\\\/uploads\\\/2025\\\/08\\\/AE-Logotype-Principal-Couleur.svg\",\"contentUrl\":\"https:\\\/\\\/aeservice.fr\\\/wp-content\\\/uploads\\\/2025\\\/08\\\/AE-Logotype-Principal-Couleur.svg\",\"width\":797,\"height\":309,\"caption\":\"AE SERVICE GROUP\"},\"image\":{\"@id\":\"https:\\\/\\\/aeservice.fr\\\/es\\\/#\\\/schema\\\/logo\\\/image\\\/\"},\"sameAs\":[\"https:\\\/\\\/fr.linkedin.com\\\/company\\\/a-e-service\"]}]}<\/script>\n<!-- \/ Yoast SEO plugin. -->","yoast_head_json":{"title":"Aviso legal - AE Service Group","robots":{"index":"index","follow":"follow","max-snippet":"max-snippet:-1","max-image-preview":"max-image-preview:large","max-video-preview":"max-video-preview:-1"},"canonical":"https:\/\/aeservice.fr\/es\/aviso-legal\/","og_locale":"es_ES","og_type":"article","og_title":"Aviso legal - AE Service Group","og_description":"1. Editor del sitio web El sitio web aeservice.fr es editado por la empresa: ACHAT ELECTRONIQUE SERVICE (AE","og_url":"https:\/\/aeservice.fr\/es\/aviso-legal\/","og_site_name":"AE Service Group","twitter_card":"summary_large_image","twitter_misc":{"Tiempo de lectura":"1 minuto"},"schema":{"@context":"https:\/\/schema.org","@graph":[{"@type":"WebPage","@id":"https:\/\/aeservice.fr\/es\/aviso-legal\/","url":"https:\/\/aeservice.fr\/es\/aviso-legal\/","name":"Aviso legal - AE Service Group","isPartOf":{"@id":"https:\/\/aeservice.fr\/es\/#website"},"datePublished":"2026-04-03T06:44:16+00:00","breadcrumb":{"@id":"https:\/\/aeservice.fr\/es\/aviso-legal\/#breadcrumb"},"inLanguage":"es","potentialAction":[{"@type":"ReadAction","target":["https:\/\/aeservice.fr\/es\/aviso-legal\/"]}]},{"@type":"BreadcrumbList","@id":"https:\/\/aeservice.fr\/es\/aviso-legal\/#breadcrumb","itemListElement":[{"@type":"ListItem","position":1,"name":"Accueil","item":"https:\/\/aeservice.fr\/es\/ae-service\/"},{"@type":"ListItem","position":2,"name":"Aviso legal"}]},{"@type":"WebSite","@id":"https:\/\/aeservice.fr\/es\/#website","url":"https:\/\/aeservice.fr\/es\/","name":"AE SERVICE GROUP","description":"Penser global, agir sur-mesure","publisher":{"@id":"https:\/\/aeservice.fr\/es\/#organization"},"potentialAction":[{"@type":"SearchAction","target":{"@type":"EntryPoint","urlTemplate":"https:\/\/aeservice.fr\/es\/?s={search_term_string}"},"query-input":{"@type":"PropertyValueSpecification","valueRequired":true,"valueName":"search_term_string"}}],"inLanguage":"es"},{"@type":"Organization","@id":"https:\/\/aeservice.fr\/es\/#organization","name":"AE SERVICE GROUP","url":"https:\/\/aeservice.fr\/es\/","logo":{"@type":"ImageObject","inLanguage":"es","@id":"https:\/\/aeservice.fr\/es\/#\/schema\/logo\/image\/","url":"https:\/\/aeservice.fr\/wp-content\/uploads\/2025\/08\/AE-Logotype-Principal-Couleur.svg","contentUrl":"https:\/\/aeservice.fr\/wp-content\/uploads\/2025\/08\/AE-Logotype-Principal-Couleur.svg","width":797,"height":309,"caption":"AE SERVICE GROUP"},"image":{"@id":"https:\/\/aeservice.fr\/es\/#\/schema\/logo\/image\/"},"sameAs":["https:\/\/fr.linkedin.com\/company\/a-e-service"]}]}},"_links":{"self":[{"href":"https:\/\/aeservice.fr\/es\/wp-json\/wp\/v2\/pages\/10557","targetHints":{"allow":["GET"]}}],"collection":[{"href":"https:\/\/aeservice.fr\/es\/wp-json\/wp\/v2\/pages"}],"about":[{"href":"https:\/\/aeservice.fr\/es\/wp-json\/wp\/v2\/types\/page"}],"author":[{"embeddable":true,"href":"https:\/\/aeservice.fr\/es\/wp-json\/wp\/v2\/users\/1"}],"replies":[{"embeddable":true,"href":"https:\/\/aeservice.fr\/es\/wp-json\/wp\/v2\/comments?post=10557"}],"version-history":[{"count":0,"href":"https:\/\/aeservice.fr\/es\/wp-json\/wp\/v2\/pages\/10557\/revisions"}],"wp:attachment":[{"href":"https:\/\/aeservice.fr\/es\/wp-json\/wp\/v2\/media?parent=10557"}],"curies":[{"name":"wp","href":"https:\/\/api.w.org\/{rel}","templated":true}]}}